{"id":23,"date":"2018-12-28T07:40:58","date_gmt":"2018-12-28T07:40:58","guid":{"rendered":"http:\/\/stalden-farm.ch\/index.php\/about-me\/"},"modified":"2023-07-06T07:58:41","modified_gmt":"2023-07-06T05:58:41","slug":"pferdegestuetzte-therapie-reittherapie-heilpaedagogisches-reiten","status":"publish","type":"page","link":"https:\/\/stalden-farm.ch\/index.php\/pferdegestuetzte-therapie-reittherapie-heilpaedagogisches-reiten\/","title":{"rendered":"Pferdegest\u00fctzte Therapie (Reittherapie, Heilp\u00e4dagogisches Reiten)"},"content":{"rendered":"<p>[vc_row full_width=&#8220;stretch_row&#8220; overlay_background=&#8220;custom&#8220; overlay_opacity=&#8220;40&#8243; background_image=&#8220;1885&#8243;][vc_column][tm_spacer size=&#8220;lg:244&#8243;][tm_heading tag=&#8220;div&#8220; custom_google_font=&#8220;&#8220; font_weight=&#8220;700&#8243; text_transform=&#8220;uppercase&#8220; align=&#8220;center&#8220; text_color=&#8220;primary&#8220; text=&#8220;CIAO, MY NAME IS&#8220; font_size=&#8220;lg:12&#8243; letter_spacing=&#8220;1.71px&#8220;][tm_spacer size=&#8220;lg:25&#8243;][tm_heading style=&#8220;below-x-separator&#8220; custom_google_font=&#8220;&#8220; align=&#8220;center&#8220; text_color=&#8220;custom&#8220; custom_text_color=&#8220;#ffffff&#8220; text=&#8220;Emily Roda&#8220; font_size=&#8220;lg:60&#8243; letter_spacing=&#8220;1px&#8220;][tm_spacer size=&#8220;lg:43&#8243;][tm_heading tag=&#8220;div&#8220; custom_google_font=&#8220;&#8220; align=&#8220;center&#8220; text_color=&#8220;custom&#8220; custom_text_color=&#8220;rgba(255,255,255,0.66)&#8220; text=&#8220;To be a good designer, you\u2019ll need to have an interest in the current fashion trends in order to know what people are choosing to put on now or what they have abandoned entirely. &#8220; max_width=&#8220;770px&#8220;][tm_spacer size=&#8220;lg:170&#8243;][\/vc_column][\/vc_row][vc_row background_size=&#8220;auto&#8220; background_image=&#8220;1582&#8243; background_position=&#8220;center center&#8220;][vc_column][tm_spacer size=&#8220;lg:150&#8243;][vc_row_inner][vc_column_inner width=&#8220;1\/3&#8243;][tm_box_icon style=&#8220;04&#8243; align=&#8220;center&#8220; icon_type=&#8220;linea_svg&#8220; icon_linea_svg=&#8220;linea-basic-pencil-ruler&#8220; heading=&#8220;Retro Styling&#8220; link=&#8220;url:%23|||&#8220;][\/vc_column_inner][vc_column_inner width=&#8220;1\/3&#8243;][tm_box_icon style=&#8220;04&#8243; align=&#8220;center&#8220; icon_type=&#8220;linea_svg&#8220; icon_linea_svg=&#8220;linea-basic-message-txt&#8220; heading=&#8220;Vintage Design&#8220; link=&#8220;url:%23|||&#8220;][\/vc_column_inner][vc_column_inner width=&#8220;1\/3&#8243;][tm_box_icon style=&#8220;04&#8243; align=&#8220;center&#8220; icon_type=&#8220;linea_svg&#8220; icon_linea_svg=&#8220;linea-basic-globe&#8220; heading=&#8220;Modern Layouts&#8220; link=&#8220;url:%23|||&#8220;][\/vc_column_inner][\/vc_row_inner][tm_spacer size=&#8220;lg:124&#8243;][\/vc_column][\/vc_row][vc_row full_width=&#8220;stretch_row&#8220; background_repeat=&#8220;repeat&#8220; background_size=&#8220;auto&#8220; background_image=&#8220;85&#8243;][vc_column][tm_spacer size=&#8220;lg:124&#8243;][tm_heading tag=&#8220;div&#8220; custom_google_font=&#8220;&#8220; font_weight=&#8220;700&#8243; text_transform=&#8220;uppercase&#8220; align=&#8220;center&#8220; text_color=&#8220;primary&#8220; text=&#8220;LOOK GREAT, AND FEEL AWESOME&#8220; font_size=&#8220;lg:12&#8243; letter_spacing=&#8220;1.71px&#8220;][tm_spacer size=&#8220;lg:19&#8243;][tm_heading custom_google_font=&#8220;&#8220; align=&#8220;center&#8220; text=&#8220;Education &amp; Work experience&#8220; font_size=&#8220;lg:46&#8243;][tm_spacer size=&#8220;lg:22&#8243;][tm_heading tag=&#8220;div&#8220; custom_google_font=&#8220;&#8220; align=&#8220;center&#8220; text=&#8220;Wanna know more about me &amp; myself?<br \/>\nyou can find out here about my education &amp; experience.&#8220; max_width=&#8220;700px&#8220;][tm_spacer size=&#8220;lg:78&#8243;][tm_timeline style=&#8220;02&#8243; skin=&#8220;&#8220; items=&#8220;%5B%7B%22image%22%3A%221547%22%2C%22title%22%3A%22Michigan%20High-school%20(2006)%22%2C%22datetime%22%3A%222006%2F02%2F07%2011%3A15%22%2C%22text%22%3A%22I%20graduated%20from%20Michigan%20High-school%2C%20Michigan%2C%20the%20United%20States%20in%202006.%22%7D%2C%7B%22image%22%3A%221547%22%2C%22title%22%3A%22Illinois%20Arts%20University%20(2010)%22%2C%22datetime%22%3A%222010%2F09%2F04%2008%3A00%22%2C%22text%22%3A%22I%20received%20a%20degree%20in%20Modern%20Arts%20from%20Illinois%20Arts%20University%2C%20USA%20in%202010.%22%7D%2C%7B%22image%22%3A%221547%22%2C%22title%22%3A%22Mervs%20Wedding%20Studio%20(2012)%22%2C%22datetime%22%3A%222012%2F09%2F01%2011%3A15%22%2C%22text%22%3A%22I%20became%20a%20wedding%20dress%20designer%20for%20Mervs%20Studio%20since%20September%2C%202012.%22%7D%2C%7B%22image%22%3A%221547%22%2C%22title%22%3A%22Retrolie%20Design%20Company%20(2015)%20%22%2C%22datetime%22%3A%222015%2F12%2F07%2019%3A15%22%2C%22text%22%3A%22Since%202015%2C%20I%20work%20at%20Retrolie%20Design%20Company%20as%20manager%20of%20design%20team.%22%7D%5D&#8220;][tm_spacer size=&#8220;lg:124&#8243;][\/vc_column][\/vc_row][vc_row full_width=&#8220;stretch_row_content_no_spaces&#8220; lg_spacing=&#8220;padding_top:60;padding_right:60;padding_bottom:106;padding_left:60&#8243;][vc_column][tm_portfolio style=&#8220;carousel-caption-02&#8243; image_size=&#8220;480&#215;480&#8243; carousel_pagination=&#8220;09&#8243; carousel_gutter=&#8220;60&#8243; number=&#8220;6&#8243; carousel_items_display=&#8220;xs:1;sm:2;md:3;lg:3&#8243;][\/vc_column][\/vc_row][vc_row][vc_column][tm_heading tag=&#8220;div&#8220; custom_google_font=&#8220;&#8220; font_weight=&#8220;700&#8243; text_transform=&#8220;uppercase&#8220; align=&#8220;center&#8220; text_color=&#8220;primary&#8220; text=&#8220;happy customers&#8220; font_size=&#8220;lg:12&#8243; letter_spacing=&#8220;1.71px&#8220;][tm_spacer size=&#8220;lg:40&#8243;][tm_testimonial style=&#8220;modern-slider-02&#8243; number=&#8220;9&#8243; auto_play=&#8220;5000&#8243; nav=&#8220;09&#8243; carousel_gutter=&#8220;lg:30&#8243;][tm_spacer size=&#8220;lg:35&#8243;][tm_image align=&#8220;center&#8220; image=&#8220;729&#8243;][tm_spacer size=&#8220;lg:35&#8243;][tm_client gutter=&#8220;30&#8243; auto_play=&#8220;5000&#8243; items_display=&#8220;xs:2;sm:3;md:4;lg:5&#8243; items=&#8220;%5B%7B%22image%22%3A%22730%22%2C%22link%22%3A%22Link%22%7D%2C%7B%22image%22%3A%22731%22%2C%22link%22%3A%22Link%22%7D%2C%7B%22image%22%3A%22732%22%2C%22link%22%3A%22Link%22%7D%2C%7B%22image%22%3A%22733%22%2C%22link%22%3A%22Link%22%7D%2C%7B%22image%22%3A%22734%22%2C%22link%22%3A%22Link%22%7D%5D&#8220;][tm_spacer size=&#8220;lg:110&#8243;][\/vc_column][\/vc_row][vc_row full_width=&#8220;stretch_row_content_no_spaces&#8220;][vc_column][tm_instagram show_user_name=&#8220;1&#8243; overlay=&#8220;1&#8243; username=&#8220;vc.retrolie&#8220; columns=&#8220;sm:3;md:6;lg:6&#8243;][\/vc_column][\/vc_row]<\/p>\n","protected":false},"excerpt":{"rendered":"<p>[vc_row full_width=&#8220;stretch_row&#8220; overlay_background=&#8220;custom&#8220; overlay_opacity=&#8220;40&#8243; background_image=&#8220;1885&#8243;][vc_column][tm_spacer size=&#8220;lg:244&#8243;][tm_heading tag=&#8220;div&#8220; custom_google_font=&#8220;&#8220; font_weight=&#8220;700&#8243; text_transform=&#8220;uppercase&#8220; align=&#8220;center&#8220; text_color=&#8220;primary&#8220; text=&#8220;CIAO, MY NAME IS&#8220; font_size=&#8220;lg:12&#8243; letter_spacing=&#8220;1.71px&#8220;][tm_spacer size=&#8220;lg:25&#8243;][tm_heading style=&#8220;below-x-separator&#8220; custom_google_font=&#8220;&#8220; align=&#8220;center&#8220; text_color=&#8220;custom&#8220; custom_text_color=&#8220;#ffffff&#8220; text=&#8220;Emily Roda&#8220; font_size=&#8220;lg:60&#8243; letter_spacing=&#8220;1px&#8220;][tm_spacer size=&#8220;lg:43&#8243;][tm_heading tag=&#8220;div&#8220; custom_google_font=&#8220;&#8220; align=&#8220;center&#8220; text_color=&#8220;custom&#8220; custom_text_color=&#8220;rgba(255,255,255,0.66)&#8220; text=&#8220;To be a good designer, you\u2019ll need to have an interest in the current fashion trends in order to know what people are choosing to put on now or what they have abandoned entirely. &#8220; max_width=&#8220;770px&#8220;][tm_spacer size=&#8220;lg:170&#8243;][\/vc_column][\/vc_row][vc_row background_size=&#8220;auto&#8220; background_image=&#8220;1582&#8243; background_position=&#8220;center center&#8220;][vc_column][tm_spacer size=&#8220;lg:150&#8243;][vc_row_inner][vc_column_inner width=&#8220;1\/3&#8243;][tm_box_icon style=&#8220;04&#8243; align=&#8220;center&#8220; icon_type=&#8220;linea_svg&#8220; icon_linea_svg=&#8220;linea-basic-pencil-ruler&#8220; heading=&#8220;Retro Styling&#8220; link=&#8220;url:%23|||&#8220;][\/vc_column_inner][vc_column_inner width=&#8220;1\/3&#8243;][tm_box_icon style=&#8220;04&#8243; align=&#8220;center&#8220; icon_type=&#8220;linea_svg&#8220; icon_linea_svg=&#8220;linea-basic-message-txt&#8220; heading=&#8220;Vintage Design&#8220; link=&#8220;url:%23|||&#8220;][\/vc_column_inner][vc_column_inner width=&#8220;1\/3&#8243;][tm_box_icon style=&#8220;04&#8243; align=&#8220;center&#8220; icon_type=&#8220;linea_svg&#8220; icon_linea_svg=&#8220;linea-basic-globe&#8220; heading=&#8220;Modern Layouts&#8220; link=&#8220;url:%23|||&#8220;][\/vc_column_inner][\/vc_row_inner][tm_spacer size=&#8220;lg:124&#8243;][\/vc_column][\/vc_row][vc_row full_width=&#8220;stretch_row&#8220; background_repeat=&#8220;repeat&#8220; background_size=&#8220;auto&#8220; background_image=&#8220;85&#8243;][vc_column][tm_spacer size=&#8220;lg:124&#8243;][tm_heading tag=&#8220;div&#8220; custom_google_font=&#8220;&#8220; font_weight=&#8220;700&#8243; text_transform=&#8220;uppercase&#8220; align=&#8220;center&#8220; text_color=&#8220;primary&#8220; text=&#8220;LOOK GREAT, AND FEEL AWESOME&#8220; font_size=&#8220;lg:12&#8243; letter_spacing=&#8220;1.71px&#8220;][tm_spacer size=&#8220;lg:19&#8243;][tm_heading custom_google_font=&#8220;&#8220; align=&#8220;center&#8220; text=&#8220;Education &amp; Work experience&#8220; font_size=&#8220;lg:46&#8243;][tm_spacer size=&#8220;lg:22&#8243;][tm_heading tag=&#8220;div&#8220; custom_google_font=&#8220;&#8220; align=&#8220;center&#8220; text=&#8220;Wanna know more about me &amp; myself? you can find out here about my education &amp; experience.&#8220; max_width=&#8220;700px&#8220;][tm_spacer size=&#8220;lg:78&#8243;][tm_timeline style=&#8220;02&#8243; skin=&#8220;&#8220; items=&#8220;%5B%7B%22image%22%3A%221547%22%2C%22title%22%3A%22Michigan%20High-school%20(2006)%22%2C%22datetime%22%3A%222006%2F02%2F07%2011%3A15%22%2C%22text%22%3A%22I%20graduated%20from%20Michigan%20High-school%2C%20Michigan%2C%20the%20United%20States%20in%202006.%22%7D%2C%7B%22image%22%3A%221547%22%2C%22title%22%3A%22Illinois%20Arts%20University%20(2010)%22%2C%22datetime%22%3A%222010%2F09%2F04%2008%3A00%22%2C%22text%22%3A%22I%20received%20a%20degree%20in%20Modern%20Arts%20from%20Illinois%20Arts%20University%2C%20USA%20in%202010.%22%7D%2C%7B%22image%22%3A%221547%22%2C%22title%22%3A%22Mervs%20Wedding%20Studio%20(2012)%22%2C%22datetime%22%3A%222012%2F09%2F01%2011%3A15%22%2C%22text%22%3A%22I%20became%20a%20wedding%20dress%20designer%20for%20Mervs%20Studio%20since%20September%2C%202012.%22%7D%2C%7B%22image%22%3A%221547%22%2C%22title%22%3A%22Retrolie%20Design%20Company%20(2015)%20%22%2C%22datetime%22%3A%222015%2F12%2F07%2019%3A15%22%2C%22text%22%3A%22Since%202015%2C%20I%20work%20at%20Retrolie%20Design%20Company%20as%20manager%20of%20design%20team.%22%7D%5D&#8220;][tm_spacer size=&#8220;lg:124&#8243;][\/vc_column][\/vc_row][vc_row full_width=&#8220;stretch_row_content_no_spaces&#8220; lg_spacing=&#8220;padding_top:60;padding_right:60;padding_bottom:106;padding_left:60&#8243;][vc_column][tm_portfolio style=&#8220;carousel-caption-02&#8243; image_size=&#8220;480&#215;480&#8243; carousel_pagination=&#8220;09&#8243; carousel_gutter=&#8220;60&#8243; number=&#8220;6&#8243; carousel_items_display=&#8220;xs:1;sm:2;md:3;lg:3&#8243;][\/vc_column][\/vc_row][vc_row][vc_column][tm_heading tag=&#8220;div&#8220; custom_google_font=&#8220;&#8220; font_weight=&#8220;700&#8243; text_transform=&#8220;uppercase&#8220; align=&#8220;center&#8220; text_color=&#8220;primary&#8220; text=&#8220;happy customers&#8220; font_size=&#8220;lg:12&#8243; letter_spacing=&#8220;1.71px&#8220;][tm_spacer size=&#8220;lg:40&#8243;][tm_testimonial style=&#8220;modern-slider-02&#8243; number=&#8220;9&#8243; auto_play=&#8220;5000&#8243; nav=&#8220;09&#8243; carousel_gutter=&#8220;lg:30&#8243;][tm_spacer size=&#8220;lg:35&#8243;][tm_image align=&#8220;center&#8220; image=&#8220;729&#8243;][tm_spacer size=&#8220;lg:35&#8243;][tm_client gutter=&#8220;30&#8243; auto_play=&#8220;5000&#8243; items_display=&#8220;xs:2;sm:3;md:4;lg:5&#8243; items=&#8220;%5B%7B%22image%22%3A%22730%22%2C%22link%22%3A%22Link%22%7D%2C%7B%22image%22%3A%22731%22%2C%22link%22%3A%22Link%22%7D%2C%7B%22image%22%3A%22732%22%2C%22link%22%3A%22Link%22%7D%2C%7B%22image%22%3A%22733%22%2C%22link%22%3A%22Link%22%7D%2C%7B%22image%22%3A%22734%22%2C%22link%22%3A%22Link%22%7D%5D&#8220;][tm_spacer size=&#8220;lg:110&#8243;][\/vc_column][\/vc_row][vc_row full_width=&#8220;stretch_row_content_no_spaces&#8220;][vc_column][tm_instagram show_user_name=&#8220;1&#8243; overlay=&#8220;1&#8243; username=&#8220;vc.retrolie&#8220; columns=&#8220;sm:3;md:6;lg:6&#8243;][\/vc_column][\/vc_row]<\/p>\n","protected":false},"author":1,"featured_media":0,"parent":0,"menu_order":0,"comment_status":"closed","ping_status":"closed","template":"","meta":{"footnotes":""},"class_list":["post-23","page","type-page","status-publish","hentry","post-no-thumbnail"],"yoast_head":"<!-- This site is optimized with the Yoast SEO plugin v25.7 - https:\/\/yoast.com\/wordpress\/plugins\/seo\/ -->\n<title>Pferdegest\u00fctzte Therapie (Reittherapie, Heilp\u00e4dagogisches Reiten) - Stalden-Farm<\/title>\n<meta name=\"description\" content=\"Mit Unterst\u00fctzung der Tiere, sein Potenzial erkennen und \u00fcber isch hinauswachsen.\" \/>\n<meta name=\"robots\" content=\"index, follow, max-snippet:-1, max-image-preview:large, max-video-preview:-1\" \/>\n<link rel=\"canonical\" href=\"https:\/\/stalden-farm.ch\/index.php\/pferdegestuetzte-therapie-reittherapie-heilpaedagogisches-reiten\/\" \/>\n<meta property=\"og:locale\" content=\"de_DE\" \/>\n<meta property=\"og:type\" content=\"article\" \/>\n<meta property=\"og:title\" content=\"Pferdegest\u00fctzte Therapie (Reittherapie, Heilp\u00e4dagogisches Reiten) - Stalden-Farm\" \/>\n<meta property=\"og:description\" content=\"Mit Unterst\u00fctzung der Tiere, sein Potenzial erkennen und \u00fcber isch hinauswachsen.\" \/>\n<meta property=\"og:url\" content=\"https:\/\/stalden-farm.ch\/index.php\/pferdegestuetzte-therapie-reittherapie-heilpaedagogisches-reiten\/\" \/>\n<meta property=\"og:site_name\" content=\"Stalden-Farm\" \/>\n<meta property=\"article:modified_time\" content=\"2023-07-06T05:58:41+00:00\" \/>\n<meta name=\"twitter:card\" content=\"summary_large_image\" \/>\n<meta name=\"twitter:label1\" content=\"Gesch\u00e4tzte Lesezeit\" \/>\n\t<meta name=\"twitter:data1\" content=\"2\u00a0Minuten\" \/>\n<script type=\"application\/ld+json\" class=\"yoast-schema-graph\">{\"@context\":\"https:\/\/schema.org\",\"@graph\":[{\"@type\":\"WebPage\",\"@id\":\"https:\/\/stalden-farm.ch\/index.php\/pferdegestuetzte-therapie-reittherapie-heilpaedagogisches-reiten\/\",\"url\":\"https:\/\/stalden-farm.ch\/index.php\/pferdegestuetzte-therapie-reittherapie-heilpaedagogisches-reiten\/\",\"name\":\"Pferdegest\u00fctzte Therapie (Reittherapie, Heilp\u00e4dagogisches Reiten) - Stalden-Farm\",\"isPartOf\":{\"@id\":\"https:\/\/stalden-farm.ch\/#website\"},\"datePublished\":\"2018-12-28T07:40:58+00:00\",\"dateModified\":\"2023-07-06T05:58:41+00:00\",\"description\":\"Mit Unterst\u00fctzung der Tiere, sein Potenzial erkennen und \u00fcber isch hinauswachsen.\",\"breadcrumb\":{\"@id\":\"https:\/\/stalden-farm.ch\/index.php\/pferdegestuetzte-therapie-reittherapie-heilpaedagogisches-reiten\/#breadcrumb\"},\"inLanguage\":\"de\",\"potentialAction\":[{\"@type\":\"ReadAction\",\"target\":[\"https:\/\/stalden-farm.ch\/index.php\/pferdegestuetzte-therapie-reittherapie-heilpaedagogisches-reiten\/\"]}]},{\"@type\":\"BreadcrumbList\",\"@id\":\"https:\/\/stalden-farm.ch\/index.php\/pferdegestuetzte-therapie-reittherapie-heilpaedagogisches-reiten\/#breadcrumb\",\"itemListElement\":[{\"@type\":\"ListItem\",\"position\":1,\"name\":\"Startseite\",\"item\":\"https:\/\/stalden-farm.ch\/\"},{\"@type\":\"ListItem\",\"position\":2,\"name\":\"Pferdegest\u00fctzte Therapie (Reittherapie, Heilp\u00e4dagogisches Reiten)\"}]},{\"@type\":\"WebSite\",\"@id\":\"https:\/\/stalden-farm.ch\/#website\",\"url\":\"https:\/\/stalden-farm.ch\/\",\"name\":\"Stalden-Farm\",\"description\":\"Eine weitere WordPress-Website\",\"publisher\":{\"@id\":\"https:\/\/stalden-farm.ch\/#\/schema\/person\/d86bf9f6854e842358c47aac315c3658\"},\"potentialAction\":[{\"@type\":\"SearchAction\",\"target\":{\"@type\":\"EntryPoint\",\"urlTemplate\":\"https:\/\/stalden-farm.ch\/?s={search_term_string}\"},\"query-input\":{\"@type\":\"PropertyValueSpecification\",\"valueRequired\":true,\"valueName\":\"search_term_string\"}}],\"inLanguage\":\"de\"},{\"@type\":[\"Person\",\"Organization\"],\"@id\":\"https:\/\/stalden-farm.ch\/#\/schema\/person\/d86bf9f6854e842358c47aac315c3658\",\"name\":\"Jasmin\",\"image\":{\"@type\":\"ImageObject\",\"inLanguage\":\"de\",\"@id\":\"https:\/\/stalden-farm.ch\/#\/schema\/person\/image\/\",\"url\":\"https:\/\/secure.gravatar.com\/avatar\/5bafcee8c9a475f659c29ca5b7ebaef7ad0cebacf1a57c1e8c908dcb9739f8b3?s=96&d=mm&r=g\",\"contentUrl\":\"https:\/\/secure.gravatar.com\/avatar\/5bafcee8c9a475f659c29ca5b7ebaef7ad0cebacf1a57c1e8c908dcb9739f8b3?s=96&d=mm&r=g\",\"caption\":\"Jasmin\"},\"logo\":{\"@id\":\"https:\/\/stalden-farm.ch\/#\/schema\/person\/image\/\"}}]}<\/script>\n<!-- \/ Yoast SEO plugin. -->","yoast_head_json":{"title":"Pferdegest\u00fctzte Therapie (Reittherapie, Heilp\u00e4dagogisches Reiten) - Stalden-Farm","description":"Mit Unterst\u00fctzung der Tiere, sein Potenzial erkennen und \u00fcber isch hinauswachsen.","robots":{"index":"index","follow":"follow","max-snippet":"max-snippet:-1","max-image-preview":"max-image-preview:large","max-video-preview":"max-video-preview:-1"},"canonical":"https:\/\/stalden-farm.ch\/index.php\/pferdegestuetzte-therapie-reittherapie-heilpaedagogisches-reiten\/","og_locale":"de_DE","og_type":"article","og_title":"Pferdegest\u00fctzte Therapie (Reittherapie, Heilp\u00e4dagogisches Reiten) - Stalden-Farm","og_description":"Mit Unterst\u00fctzung der Tiere, sein Potenzial erkennen und \u00fcber isch hinauswachsen.","og_url":"https:\/\/stalden-farm.ch\/index.php\/pferdegestuetzte-therapie-reittherapie-heilpaedagogisches-reiten\/","og_site_name":"Stalden-Farm","article_modified_time":"2023-07-06T05:58:41+00:00","twitter_card":"summary_large_image","twitter_misc":{"Gesch\u00e4tzte Lesezeit":"2\u00a0Minuten"},"schema":{"@context":"https:\/\/schema.org","@graph":[{"@type":"WebPage","@id":"https:\/\/stalden-farm.ch\/index.php\/pferdegestuetzte-therapie-reittherapie-heilpaedagogisches-reiten\/","url":"https:\/\/stalden-farm.ch\/index.php\/pferdegestuetzte-therapie-reittherapie-heilpaedagogisches-reiten\/","name":"Pferdegest\u00fctzte Therapie (Reittherapie, Heilp\u00e4dagogisches Reiten) - Stalden-Farm","isPartOf":{"@id":"https:\/\/stalden-farm.ch\/#website"},"datePublished":"2018-12-28T07:40:58+00:00","dateModified":"2023-07-06T05:58:41+00:00","description":"Mit Unterst\u00fctzung der Tiere, sein Potenzial erkennen und \u00fcber isch hinauswachsen.","breadcrumb":{"@id":"https:\/\/stalden-farm.ch\/index.php\/pferdegestuetzte-therapie-reittherapie-heilpaedagogisches-reiten\/#breadcrumb"},"inLanguage":"de","potentialAction":[{"@type":"ReadAction","target":["https:\/\/stalden-farm.ch\/index.php\/pferdegestuetzte-therapie-reittherapie-heilpaedagogisches-reiten\/"]}]},{"@type":"BreadcrumbList","@id":"https:\/\/stalden-farm.ch\/index.php\/pferdegestuetzte-therapie-reittherapie-heilpaedagogisches-reiten\/#breadcrumb","itemListElement":[{"@type":"ListItem","position":1,"name":"Startseite","item":"https:\/\/stalden-farm.ch\/"},{"@type":"ListItem","position":2,"name":"Pferdegest\u00fctzte Therapie (Reittherapie, Heilp\u00e4dagogisches Reiten)"}]},{"@type":"WebSite","@id":"https:\/\/stalden-farm.ch\/#website","url":"https:\/\/stalden-farm.ch\/","name":"Stalden-Farm","description":"Eine weitere WordPress-Website","publisher":{"@id":"https:\/\/stalden-farm.ch\/#\/schema\/person\/d86bf9f6854e842358c47aac315c3658"},"potentialAction":[{"@type":"SearchAction","target":{"@type":"EntryPoint","urlTemplate":"https:\/\/stalden-farm.ch\/?s={search_term_string}"},"query-input":{"@type":"PropertyValueSpecification","valueRequired":true,"valueName":"search_term_string"}}],"inLanguage":"de"},{"@type":["Person","Organization"],"@id":"https:\/\/stalden-farm.ch\/#\/schema\/person\/d86bf9f6854e842358c47aac315c3658","name":"Jasmin","image":{"@type":"ImageObject","inLanguage":"de","@id":"https:\/\/stalden-farm.ch\/#\/schema\/person\/image\/","url":"https:\/\/secure.gravatar.com\/avatar\/5bafcee8c9a475f659c29ca5b7ebaef7ad0cebacf1a57c1e8c908dcb9739f8b3?s=96&d=mm&r=g","contentUrl":"https:\/\/secure.gravatar.com\/avatar\/5bafcee8c9a475f659c29ca5b7ebaef7ad0cebacf1a57c1e8c908dcb9739f8b3?s=96&d=mm&r=g","caption":"Jasmin"},"logo":{"@id":"https:\/\/stalden-farm.ch\/#\/schema\/person\/image\/"}}]}},"_links":{"self":[{"href":"https:\/\/stalden-farm.ch\/index.php\/wp-json\/wp\/v2\/pages\/23","targetHints":{"allow":["GET"]}}],"collection":[{"href":"https:\/\/stalden-farm.ch\/index.php\/wp-json\/wp\/v2\/pages"}],"about":[{"href":"https:\/\/stalden-farm.ch\/index.php\/wp-json\/wp\/v2\/types\/page"}],"author":[{"embeddable":true,"href":"https:\/\/stalden-farm.ch\/index.php\/wp-json\/wp\/v2\/users\/1"}],"replies":[{"embeddable":true,"href":"https:\/\/stalden-farm.ch\/index.php\/wp-json\/wp\/v2\/comments?post=23"}],"version-history":[{"count":2,"href":"https:\/\/stalden-farm.ch\/index.php\/wp-json\/wp\/v2\/pages\/23\/revisions"}],"predecessor-version":[{"id":3767,"href":"https:\/\/stalden-farm.ch\/index.php\/wp-json\/wp\/v2\/pages\/23\/revisions\/3767"}],"wp:attachment":[{"href":"https:\/\/stalden-farm.ch\/index.php\/wp-json\/wp\/v2\/media?parent=23"}],"curies":[{"name":"wp","href":"https:\/\/api.w.org\/{rel}","templated":true}]}}