{"id":3372,"date":"2023-03-24T10:47:47","date_gmt":"2023-03-24T09:47:47","guid":{"rendered":"http:\/\/stalden-farm.ch\/?page_id=3372"},"modified":"2023-07-06T08:02:42","modified_gmt":"2023-07-06T06:02:42","slug":"pferdegestuetzte-therapie-reittherapie-heilpaedagogisches-reiten-2","status":"publish","type":"page","link":"https:\/\/stalden-farm.ch\/index.php\/pferdegestuetzte-therapie-reittherapie-heilpaedagogisches-reiten-2\/","title":{"rendered":"Pferdegest\u00fctzte Therapie (Reittherapie, Heilp\u00e4dagogisches Reiten)"},"content":{"rendered":"<p>[vc_row full_width=&#8220;stretch_row&#8220; background_color=&#8220;custom&#8220; gutter=&#8220;sm:50;lg:70&#8243; custom_background_color=&#8220;#fbf5f1&#8243; lg_spacing=&#8220;padding_top:110;padding_bottom:40&#8243;][vc_column width=&#8220;1\/2&#8243;][vc_row_inner background_color=&#8220;custom&#8220; lg_spacing=&#8220;margin_right:0;margin_left:0;padding_top:50;padding_right:55;padding_bottom:65;padding_left:55&#8243; custom_background_color=&#8220;#ffffff&#8220; box_shadow=&#8220;0 20px 30px rgba(0,0,0,0.04)&#8220;][vc_column_inner][tm_heading custom_google_font=&#8220;&#8220; text=&#8220;Tiergest\u00fctzte Interventionen&#8220; font_size=&#8220;lg:30&#8243;][tm_spacer size=&#8220;lg:30&#8243;][tm_heading tag=&#8220;div&#8220; custom_google_font=&#8220;&#8220; text=&#8220;In der Begegnung mit den Tieren liegt die Kraft, die das Wesen tief im Inneren st\u00e4rkt. Wenn wir gelernt haben das Tier zu sehen und zu verstehen und es nicht nur als \u201eObjekt\u201c welches gehorchen muss sehen, lernen wir von den Tieren eine Menge. Durch dies sind wir selbst zur Reflexion f\u00e4hig und das Tier wird zum Therapeuten und Lehrer.<br \/>\nDas Ziel der Tiergest\u00fctzten Interventionen ist es mit Hilfe von Tieren die Entwicklung und Entfaltung des Menschen zu f\u00f6rdern. Dabei sind die Tiere ein T\u00fcr\u00f6ffner, gerade f\u00fcr Menschen deren Biografie und Lebenswege es schwer macht, sich anderen Menschen zu \u00f6ffnen.<br \/>\nDie Tiergest\u00fctzte Interventionen sollen den G\u00e4sten dabei helfen, soziale F\u00e4higkeiten zu erhalten, neu zu Entdecken und ihre F\u00e4higkeiten zu erkennen oder weiter zu entwickeln.<br \/>\nSie m\u00fcssen sich ihren und anderen Bed\u00fcrfnissen bewusst werden und dies auch mitteilen k\u00f6nnen.<br \/>\nDank der verschiedenen Tieren auf der Farm ist es m\u00f6glich, sich mit v\u00f6llig unterschiedlichen Gr\u00f6ssen, Charakteren, Verhaltens-Ausdrucksweisen von Tieren auseinanderzusetzten.<br \/>\nDurch die Kommunikation mit Tieren wird die Kommunikation mit den Menschen verbessert.<br \/>\nDurch den Umgang mit Tieren und deren Versorgung: F\u00fcttern, Pflegen, Stallhygiene, beim Trainieren begleiten.<br \/>\nLernen die G\u00e4ste f\u00fcr sich selbst und andere Verantwortung und einen respektvollen Umgang zu \u00fcbernehmen. Durch die Auseinandersetzung mit den Bed\u00fcrfnissen der Tiere k\u00f6nnen auch eigene erkannt und schrittweise erarbeitet werden. Durch die Ber\u00fccksichtigung der individuellen Bed\u00fcrfnisse wie Distanz und R\u00fcckzug lernen die G\u00e4ste einen respektvollen und wohlwollenden Umgang mit dem jeweiligen Tier. Im Umgang mit den Tieren ist sehr viel Geduld n\u00f6tig, durch dies wird automatisch die Frustrationstoleranz und konstruktive F\u00fchrungsrolle trainiert. Durch die verschiedenen Herausforderungen mit den Tieren wird dem Gast bewusster, was seine St\u00e4rken und Schw\u00e4chen sind und f\u00fchren zu einer Steigerung des Selbstwert.<br \/>\nDurch den positiven, emphatischen Umgang miteinander entstehen Beziehungen zwischen Mensch und Tier die in weiterer Folge im allt\u00e4glichen Leben auf Mensch-Mensch Beziehungen \u00fcbertragen werden.<\/p>\n<p>Mir ist es ein grosses Anliegen den respektvollen Umgang und den Mehrwert der Tiere vor allem Kindern und Menschen mit Handicap n\u00e4her zu bringen.<\/p>\n<p>F\u00fchrungen und Tiergesch\u00fctzte Interventionen, wie Tiergest\u00fctzte-P\u00e4dagogik-Aktivit\u00e4ten f\u00fcr Kleingruppen auf Anfrage.&#8220;][tm_spacer size=&#8220;lg:35&#8243;][tm_button button=&#8220;url:%23|title:Zum%20Angebot&#8220;][\/vc_column_inner][\/vc_row_inner][tm_spacer size=&#8220;lg:70&#8243;][vc_row_inner background_color=&#8220;custom&#8220; lg_spacing=&#8220;margin_right:0;margin_left:0;padding_top:50;padding_right:55;padding_bottom:65;padding_left:55&#8243; custom_background_color=&#8220;#ffffff&#8220; box_shadow=&#8220;0 20px 30px rgba(0,0,0,0.04)&#8220;][vc_column_inner][tm_heading custom_google_font=&#8220;&#8220; text=&#8220;Junior Brand Designer&#8220; font_size=&#8220;lg:30&#8243;][tm_spacer size=&#8220;lg:30&#8243;][tm_heading tag=&#8220;div&#8220; custom_google_font=&#8220;&#8220; text=&#8220;The websites we design, the brands we craft and the content we create are underpinned by the same values that made us vote that day: A determination to open minds, not close doors.&#8220;][tm_spacer size=&#8220;lg:17&#8243;][tm_list list_style=&#8220;circle&#8220; columns=&#8220;xs:1;lg:1&#8243; items=&#8220;%5B%7B%22item_title%22%3A%22Bring%20clarity%20for%20colleagues%20and%20clients%20%22%7D%2C%7B%22item_title%22%3A%22Recognised%20as%20having%20excellent%20craft%20skills%22%7D%2C%7B%22item_title%22%3A%22Come%20from%20any%20design%20background%22%7D%2C%7B%22item_title%22%3A%22Highly%20collaborative%20and%20able%20to%20build%20strong%20relationships%20%22%7D%2C%7B%22item_title%22%3A%22Will%20be%20articulate%2C%20persuasive%2C%20confident%20and%20assertive%20in%20presenting%20work%22%7D%5D&#8220;][tm_spacer size=&#8220;lg:35&#8243;][tm_button button=&#8220;url:%23|title:Apply%20job||&#8220;][\/vc_column_inner][\/vc_row_inner][tm_spacer size=&#8220;lg:70&#8243;][\/vc_column][vc_column width=&#8220;1\/2&#8243;][vc_row_inner background_color=&#8220;custom&#8220; lg_spacing=&#8220;margin_right:0;margin_left:0;padding_top:50;padding_right:55;padding_bottom:65;padding_left:55&#8243; custom_background_color=&#8220;#ffffff&#8220; box_shadow=&#8220;0 20px 30px rgba(0,0,0,0.04)&#8220;][vc_column_inner][tm_heading custom_google_font=&#8220;&#8220; text=&#8220;Associate Creative Director&#8220; font_size=&#8220;lg:30&#8243;][tm_spacer size=&#8220;lg:30&#8243;][tm_heading tag=&#8220;div&#8220; custom_google_font=&#8220;&#8220; text=&#8220;An opportunity to join a US based business globally recognized for its creative strategy and design work. Where some of the world&#8217;s leading consumer-facing brands and eagerly anticipated start-ups go to for creative and design vision.&#8220;][tm_spacer size=&#8220;lg:17&#8243;][tm_list list_style=&#8220;circle&#8220; columns=&#8220;xs:1;lg:1&#8243; items=&#8220;%5B%7B%22item_title%22%3A%22Be%20a%20storyteller%2C%20excite%2C%20compel%20and%20inspire%22%7D%2C%7B%22item_title%22%3A%22In%20partnership%20with%20creative%20directors%22%7D%2C%7B%22item_title%22%3A%22Establish%20strong%20relationships%20with%20senior%20clients%22%7D%2C%7B%22item_title%22%3A%22Mentor%20junior%20team%20members%2C%20working%20with%20them%22%7D%5D&#8220;][tm_spacer size=&#8220;lg:35&#8243;][tm_button button=&#8220;url:%23|title:Apply%20job||&#8220;][\/vc_column_inner][\/vc_row_inner][tm_spacer size=&#8220;lg:70&#8243;][vc_row_inner background_color=&#8220;custom&#8220; lg_spacing=&#8220;margin_right:0;margin_left:0;padding_top:50;padding_right:55;padding_bottom:65;padding_left:55&#8243; custom_background_color=&#8220;#ffffff&#8220; box_shadow=&#8220;0 20px 30px rgba(0,0,0,0.04)&#8220;][vc_column_inner][tm_heading custom_google_font=&#8220;&#8220; text=&#8220;Senior Brand Designer&#8220; font_size=&#8220;lg:30&#8243;][tm_spacer size=&#8220;lg:30&#8243;][tm_heading tag=&#8220;div&#8220; custom_google_font=&#8220;&#8220; text=&#8220;We\u2019re looking for an idea-based Senior Designer to wow us with their creative, witty and strategic approach to design. As an integral member of our small Design team, you\u2019ll love to roll your sleeves up and get involved, working on anything and everything.&#8220;][tm_spacer size=&#8220;lg:17&#8243;][tm_list list_style=&#8220;circle&#8220; columns=&#8220;xs:1;lg:1&#8243; items=&#8220;%5B%7B%22item_title%22%3A%22Confident%2C%20optimistic%20and%20proactive%22%7D%2C%7B%22item_title%22%3A%22Expected%20to%20lead%20and%20inspire%22%7D%2C%7B%22item_title%22%3A%22Striving%20to%20find%20the%20best%20result%22%7D%2C%7B%22item_title%22%3A%22A%20great%20creative%20with%20a%20passion%22%7D%2C%7B%22item_title%22%3A%22Be%20in-agency%20for%20at%20least%20five%20years%22%7D%5D&#8220;][tm_spacer size=&#8220;lg:35&#8243;][tm_button button=&#8220;url:%23|title:Apply%20job||&#8220;][\/vc_column_inner][\/vc_row_inner][tm_spacer size=&#8220;lg:70&#8243;][\/vc_column][\/vc_row]<\/p>\n","protected":false},"excerpt":{"rendered":"<p>[vc_row full_width=&#8220;stretch_row&#8220; background_color=&#8220;custom&#8220; gutter=&#8220;sm:50;lg:70&#8243; custom_background_color=&#8220;#fbf5f1&#8243; lg_spacing=&#8220;padding_top:110;padding_bottom:40&#8243;][vc_column width=&#8220;1\/2&#8243;][vc_row_inner background_color=&#8220;custom&#8220; lg_spacing=&#8220;margin_right:0;margin_left:0;padding_top:50;padding_right:55;padding_bottom:65;padding_left:55&#8243; custom_background_color=&#8220;#ffffff&#8220; box_shadow=&#8220;0 20px 30px rgba(0,0,0,0.04)&#8220;][vc_column_inner][tm_heading custom_google_font=&#8220;&#8220; text=&#8220;Tiergest\u00fctzte Interventionen&#8220; font_size=&#8220;lg:30&#8243;][tm_spacer size=&#8220;lg:30&#8243;][tm_heading tag=&#8220;div&#8220; custom_google_font=&#8220;&#8220; text=&#8220;In der Begegnung mit den Tieren liegt die Kraft, die das Wesen tief im Inneren st\u00e4rkt. Wenn wir gelernt haben das Tier zu sehen und zu verstehen und es nicht nur als \u201eObjekt\u201c welches gehorchen muss sehen, lernen wir von den Tieren eine Menge. Durch dies sind wir selbst zur Reflexion f\u00e4hig und das Tier wird zum Therapeuten und Lehrer. Das Ziel der Tiergest\u00fctzten Interventionen ist es mit Hilfe von Tieren die Entwicklung und Entfaltung des Menschen zu f\u00f6rdern. Dabei sind die Tiere ein T\u00fcr\u00f6ffner, gerade f\u00fcr Menschen deren Biografie und Lebenswege es schwer macht, sich anderen Menschen zu \u00f6ffnen. Die Tiergest\u00fctzte Interventionen sollen den G\u00e4sten dabei helfen, soziale F\u00e4higkeiten zu erhalten, neu zu Entdecken und ihre F\u00e4higkeiten zu erkennen oder weiter zu entwickeln. Sie m\u00fcssen sich ihren und anderen Bed\u00fcrfnissen bewusst werden und dies auch mitteilen k\u00f6nnen. Dank der verschiedenen Tieren auf der Farm ist es m\u00f6glich, sich mit v\u00f6llig unterschiedlichen Gr\u00f6ssen, Charakteren, Verhaltens-Ausdrucksweisen von Tieren auseinanderzusetzten. Durch die Kommunikation mit Tieren wird die Kommunikation mit den Menschen verbessert. Durch den Umgang mit Tieren und deren Versorgung: F\u00fcttern, Pflegen, Stallhygiene, beim Trainieren begleiten. Lernen die G\u00e4ste f\u00fcr sich selbst und andere Verantwortung und einen respektvollen Umgang zu \u00fcbernehmen. Durch die Auseinandersetzung mit den Bed\u00fcrfnissen der Tiere k\u00f6nnen auch eigene erkannt und schrittweise erarbeitet werden. Durch die Ber\u00fccksichtigung der individuellen Bed\u00fcrfnisse wie Distanz und R\u00fcckzug lernen die G\u00e4ste einen respektvollen und wohlwollenden Umgang mit dem jeweiligen Tier. Im Umgang mit den Tieren ist sehr viel Geduld n\u00f6tig, durch dies wird automatisch die Frustrationstoleranz und konstruktive F\u00fchrungsrolle trainiert. Durch die verschiedenen Herausforderungen mit den Tieren wird dem Gast bewusster, was seine St\u00e4rken und Schw\u00e4chen sind und f\u00fchren zu einer Steigerung des Selbstwert. Durch den positiven, emphatischen Umgang miteinander entstehen Beziehungen zwischen Mensch und Tier die in weiterer Folge im allt\u00e4glichen Leben auf Mensch-Mensch Beziehungen \u00fcbertragen werden. Mir ist es ein grosses Anliegen den respektvollen Umgang und den Mehrwert der Tiere vor allem Kindern und Menschen mit Handicap n\u00e4her zu bringen. F\u00fchrungen und Tiergesch\u00fctzte Interventionen, wie Tiergest\u00fctzte-P\u00e4dagogik-Aktivit\u00e4ten f\u00fcr Kleingruppen auf Anfrage.&#8220;][tm_spacer size=&#8220;lg:35&#8243;][tm_button button=&#8220;url:%23|title:Zum%20Angebot&#8220;][\/vc_column_inner][\/vc_row_inner][tm_spacer size=&#8220;lg:70&#8243;][vc_row_inner background_color=&#8220;custom&#8220; lg_spacing=&#8220;margin_right:0;margin_left:0;padding_top:50;padding_right:55;padding_bottom:65;padding_left:55&#8243; custom_background_color=&#8220;#ffffff&#8220; box_shadow=&#8220;0 20px 30px rgba(0,0,0,0.04)&#8220;][vc_column_inner][tm_heading custom_google_font=&#8220;&#8220; text=&#8220;Junior Brand Designer&#8220; font_size=&#8220;lg:30&#8243;][tm_spacer size=&#8220;lg:30&#8243;][tm_heading tag=&#8220;div&#8220; custom_google_font=&#8220;&#8220; text=&#8220;The websites we design, the brands we craft and the content we create are underpinned by the same values that made us vote that day: A determination to open minds, not close doors.&#8220;][tm_spacer size=&#8220;lg:17&#8243;][tm_list list_style=&#8220;circle&#8220; columns=&#8220;xs:1;lg:1&#8243; items=&#8220;%5B%7B%22item_title%22%3A%22Bring%20clarity%20for%20colleagues%20and%20clients%20%22%7D%2C%7B%22item_title%22%3A%22Recognised%20as%20having%20excellent%20craft%20skills%22%7D%2C%7B%22item_title%22%3A%22Come%20from%20any%20design%20background%22%7D%2C%7B%22item_title%22%3A%22Highly%20collaborative%20and%20able%20to%20build%20strong%20relationships%20%22%7D%2C%7B%22item_title%22%3A%22Will%20be%20articulate%2C%20persuasive%2C%20confident%20and%20assertive%20in%20presenting%20work%22%7D%5D&#8220;][tm_spacer size=&#8220;lg:35&#8243;][tm_button button=&#8220;url:%23|title:Apply%20job||&#8220;][\/vc_column_inner][\/vc_row_inner][tm_spacer size=&#8220;lg:70&#8243;][\/vc_column][vc_column width=&#8220;1\/2&#8243;][vc_row_inner background_color=&#8220;custom&#8220; lg_spacing=&#8220;margin_right:0;margin_left:0;padding_top:50;padding_right:55;padding_bottom:65;padding_left:55&#8243; custom_background_color=&#8220;#ffffff&#8220; box_shadow=&#8220;0 20px 30px rgba(0,0,0,0.04)&#8220;][vc_column_inner][tm_heading custom_google_font=&#8220;&#8220; text=&#8220;Associate Creative Director&#8220; font_size=&#8220;lg:30&#8243;][tm_spacer size=&#8220;lg:30&#8243;][tm_heading tag=&#8220;div&#8220; custom_google_font=&#8220;&#8220; text=&#8220;An opportunity to join a US based business globally recognized for its creative strategy and design work. Where some of the world&#8217;s leading consumer-facing brands and eagerly anticipated start-ups go to for creative and design vision.&#8220;][tm_spacer size=&#8220;lg:17&#8243;][tm_list list_style=&#8220;circle&#8220; columns=&#8220;xs:1;lg:1&#8243; items=&#8220;%5B%7B%22item_title%22%3A%22Be%20a%20storyteller%2C%20excite%2C%20compel%20and%20inspire%22%7D%2C%7B%22item_title%22%3A%22In%20partnership%20with%20creative%20directors%22%7D%2C%7B%22item_title%22%3A%22Establish%20strong%20relationships%20with%20senior%20clients%22%7D%2C%7B%22item_title%22%3A%22Mentor%20junior%20team%20members%2C%20working%20with%20them%22%7D%5D&#8220;][tm_spacer size=&#8220;lg:35&#8243;][tm_button button=&#8220;url:%23|title:Apply%20job||&#8220;][\/vc_column_inner][\/vc_row_inner][tm_spacer size=&#8220;lg:70&#8243;][vc_row_inner background_color=&#8220;custom&#8220; lg_spacing=&#8220;margin_right:0;margin_left:0;padding_top:50;padding_right:55;padding_bottom:65;padding_left:55&#8243; custom_background_color=&#8220;#ffffff&#8220; box_shadow=&#8220;0 20px 30px rgba(0,0,0,0.04)&#8220;][vc_column_inner][tm_heading custom_google_font=&#8220;&#8220; text=&#8220;Senior Brand Designer&#8220; font_size=&#8220;lg:30&#8243;][tm_spacer size=&#8220;lg:30&#8243;][tm_heading tag=&#8220;div&#8220; custom_google_font=&#8220;&#8220; text=&#8220;We\u2019re looking for an idea-based Senior Designer to wow us with their creative, witty and strategic approach to design. As an integral member of our small Design team, you\u2019ll love to roll your sleeves up and get involved, working on anything and everything.&#8220;][tm_spacer size=&#8220;lg:17&#8243;][tm_list list_style=&#8220;circle&#8220; columns=&#8220;xs:1;lg:1&#8243; items=&#8220;%5B%7B%22item_title%22%3A%22Confident%2C%20optimistic%20and%20proactive%22%7D%2C%7B%22item_title%22%3A%22Expected%20to%20lead%20and%20inspire%22%7D%2C%7B%22item_title%22%3A%22Striving%20to%20find%20the%20best%20result%22%7D%2C%7B%22item_title%22%3A%22A%20great%20creative%20with%20a%20passion%22%7D%2C%7B%22item_title%22%3A%22Be%20in-agency%20for%20at%20least%20five%20years%22%7D%5D&#8220;][tm_spacer size=&#8220;lg:35&#8243;][tm_button button=&#8220;url:%23|title:Apply%20job||&#8220;][\/vc_column_inner][\/vc_row_inner][tm_spacer size=&#8220;lg:70&#8243;][\/vc_column][\/vc_row]<\/p>\n","protected":false},"author":1,"featured_media":0,"parent":0,"menu_order":0,"comment_status":"closed","ping_status":"closed","template":"","meta":{"footnotes":""},"class_list":["post-3372","page","type-page","status-publish","hentry","post-no-thumbnail"],"yoast_head":"<!-- This site is optimized with the Yoast SEO plugin v25.7 - https:\/\/yoast.com\/wordpress\/plugins\/seo\/ -->\n<title>Pferdegest\u00fctzte Therapie (Reittherapie, Heilp\u00e4dagogisches Reiten) - Stalden-Farm<\/title>\n<meta name=\"description\" content=\"Mit Unterst\u00fctzung der Tiere, sein Potenzial erkennen und \u00fcber sich hinauswachsen.\" \/>\n<meta name=\"robots\" content=\"index, follow, max-snippet:-1, max-image-preview:large, max-video-preview:-1\" \/>\n<link rel=\"canonical\" href=\"https:\/\/stalden-farm.ch\/index.php\/pferdegestuetzte-therapie-reittherapie-heilpaedagogisches-reiten-2\/\" \/>\n<meta property=\"og:locale\" content=\"de_DE\" \/>\n<meta property=\"og:type\" content=\"article\" \/>\n<meta property=\"og:title\" content=\"Pferdegest\u00fctzte Therapie (Reittherapie, Heilp\u00e4dagogisches Reiten) - Stalden-Farm\" \/>\n<meta property=\"og:description\" content=\"Mit Unterst\u00fctzung der Tiere, sein Potenzial erkennen und \u00fcber sich hinauswachsen.\" \/>\n<meta property=\"og:url\" content=\"https:\/\/stalden-farm.ch\/index.php\/pferdegestuetzte-therapie-reittherapie-heilpaedagogisches-reiten-2\/\" \/>\n<meta property=\"og:site_name\" content=\"Stalden-Farm\" \/>\n<meta property=\"article:modified_time\" content=\"2023-07-06T06:02:42+00:00\" \/>\n<meta name=\"twitter:card\" content=\"summary_large_image\" \/>\n<meta name=\"twitter:label1\" content=\"Gesch\u00e4tzte Lesezeit\" \/>\n\t<meta name=\"twitter:data1\" content=\"4\u00a0Minuten\" \/>\n<script type=\"application\/ld+json\" class=\"yoast-schema-graph\">{\"@context\":\"https:\/\/schema.org\",\"@graph\":[{\"@type\":\"WebPage\",\"@id\":\"https:\/\/stalden-farm.ch\/index.php\/pferdegestuetzte-therapie-reittherapie-heilpaedagogisches-reiten-2\/\",\"url\":\"https:\/\/stalden-farm.ch\/index.php\/pferdegestuetzte-therapie-reittherapie-heilpaedagogisches-reiten-2\/\",\"name\":\"Pferdegest\u00fctzte Therapie (Reittherapie, Heilp\u00e4dagogisches Reiten) - Stalden-Farm\",\"isPartOf\":{\"@id\":\"https:\/\/stalden-farm.ch\/#website\"},\"datePublished\":\"2023-03-24T09:47:47+00:00\",\"dateModified\":\"2023-07-06T06:02:42+00:00\",\"description\":\"Mit Unterst\u00fctzung der Tiere, sein Potenzial erkennen und \u00fcber sich hinauswachsen.\",\"breadcrumb\":{\"@id\":\"https:\/\/stalden-farm.ch\/index.php\/pferdegestuetzte-therapie-reittherapie-heilpaedagogisches-reiten-2\/#breadcrumb\"},\"inLanguage\":\"de\",\"potentialAction\":[{\"@type\":\"ReadAction\",\"target\":[\"https:\/\/stalden-farm.ch\/index.php\/pferdegestuetzte-therapie-reittherapie-heilpaedagogisches-reiten-2\/\"]}]},{\"@type\":\"BreadcrumbList\",\"@id\":\"https:\/\/stalden-farm.ch\/index.php\/pferdegestuetzte-therapie-reittherapie-heilpaedagogisches-reiten-2\/#breadcrumb\",\"itemListElement\":[{\"@type\":\"ListItem\",\"position\":1,\"name\":\"Startseite\",\"item\":\"https:\/\/stalden-farm.ch\/\"},{\"@type\":\"ListItem\",\"position\":2,\"name\":\"Pferdegest\u00fctzte Therapie (Reittherapie, Heilp\u00e4dagogisches Reiten)\"}]},{\"@type\":\"WebSite\",\"@id\":\"https:\/\/stalden-farm.ch\/#website\",\"url\":\"https:\/\/stalden-farm.ch\/\",\"name\":\"Stalden-Farm\",\"description\":\"Eine weitere WordPress-Website\",\"publisher\":{\"@id\":\"https:\/\/stalden-farm.ch\/#\/schema\/person\/d86bf9f6854e842358c47aac315c3658\"},\"potentialAction\":[{\"@type\":\"SearchAction\",\"target\":{\"@type\":\"EntryPoint\",\"urlTemplate\":\"https:\/\/stalden-farm.ch\/?s={search_term_string}\"},\"query-input\":{\"@type\":\"PropertyValueSpecification\",\"valueRequired\":true,\"valueName\":\"search_term_string\"}}],\"inLanguage\":\"de\"},{\"@type\":[\"Person\",\"Organization\"],\"@id\":\"https:\/\/stalden-farm.ch\/#\/schema\/person\/d86bf9f6854e842358c47aac315c3658\",\"name\":\"Jasmin\",\"image\":{\"@type\":\"ImageObject\",\"inLanguage\":\"de\",\"@id\":\"https:\/\/stalden-farm.ch\/#\/schema\/person\/image\/\",\"url\":\"https:\/\/secure.gravatar.com\/avatar\/5bafcee8c9a475f659c29ca5b7ebaef7ad0cebacf1a57c1e8c908dcb9739f8b3?s=96&d=mm&r=g\",\"contentUrl\":\"https:\/\/secure.gravatar.com\/avatar\/5bafcee8c9a475f659c29ca5b7ebaef7ad0cebacf1a57c1e8c908dcb9739f8b3?s=96&d=mm&r=g\",\"caption\":\"Jasmin\"},\"logo\":{\"@id\":\"https:\/\/stalden-farm.ch\/#\/schema\/person\/image\/\"}}]}<\/script>\n<!-- \/ Yoast SEO plugin. -->","yoast_head_json":{"title":"Pferdegest\u00fctzte Therapie (Reittherapie, Heilp\u00e4dagogisches Reiten) - Stalden-Farm","description":"Mit Unterst\u00fctzung der Tiere, sein Potenzial erkennen und \u00fcber sich hinauswachsen.","robots":{"index":"index","follow":"follow","max-snippet":"max-snippet:-1","max-image-preview":"max-image-preview:large","max-video-preview":"max-video-preview:-1"},"canonical":"https:\/\/stalden-farm.ch\/index.php\/pferdegestuetzte-therapie-reittherapie-heilpaedagogisches-reiten-2\/","og_locale":"de_DE","og_type":"article","og_title":"Pferdegest\u00fctzte Therapie (Reittherapie, Heilp\u00e4dagogisches Reiten) - Stalden-Farm","og_description":"Mit Unterst\u00fctzung der Tiere, sein Potenzial erkennen und \u00fcber sich hinauswachsen.","og_url":"https:\/\/stalden-farm.ch\/index.php\/pferdegestuetzte-therapie-reittherapie-heilpaedagogisches-reiten-2\/","og_site_name":"Stalden-Farm","article_modified_time":"2023-07-06T06:02:42+00:00","twitter_card":"summary_large_image","twitter_misc":{"Gesch\u00e4tzte Lesezeit":"4\u00a0Minuten"},"schema":{"@context":"https:\/\/schema.org","@graph":[{"@type":"WebPage","@id":"https:\/\/stalden-farm.ch\/index.php\/pferdegestuetzte-therapie-reittherapie-heilpaedagogisches-reiten-2\/","url":"https:\/\/stalden-farm.ch\/index.php\/pferdegestuetzte-therapie-reittherapie-heilpaedagogisches-reiten-2\/","name":"Pferdegest\u00fctzte Therapie (Reittherapie, Heilp\u00e4dagogisches Reiten) - Stalden-Farm","isPartOf":{"@id":"https:\/\/stalden-farm.ch\/#website"},"datePublished":"2023-03-24T09:47:47+00:00","dateModified":"2023-07-06T06:02:42+00:00","description":"Mit Unterst\u00fctzung der Tiere, sein Potenzial erkennen und \u00fcber sich hinauswachsen.","breadcrumb":{"@id":"https:\/\/stalden-farm.ch\/index.php\/pferdegestuetzte-therapie-reittherapie-heilpaedagogisches-reiten-2\/#breadcrumb"},"inLanguage":"de","potentialAction":[{"@type":"ReadAction","target":["https:\/\/stalden-farm.ch\/index.php\/pferdegestuetzte-therapie-reittherapie-heilpaedagogisches-reiten-2\/"]}]},{"@type":"BreadcrumbList","@id":"https:\/\/stalden-farm.ch\/index.php\/pferdegestuetzte-therapie-reittherapie-heilpaedagogisches-reiten-2\/#breadcrumb","itemListElement":[{"@type":"ListItem","position":1,"name":"Startseite","item":"https:\/\/stalden-farm.ch\/"},{"@type":"ListItem","position":2,"name":"Pferdegest\u00fctzte Therapie (Reittherapie, Heilp\u00e4dagogisches Reiten)"}]},{"@type":"WebSite","@id":"https:\/\/stalden-farm.ch\/#website","url":"https:\/\/stalden-farm.ch\/","name":"Stalden-Farm","description":"Eine weitere WordPress-Website","publisher":{"@id":"https:\/\/stalden-farm.ch\/#\/schema\/person\/d86bf9f6854e842358c47aac315c3658"},"potentialAction":[{"@type":"SearchAction","target":{"@type":"EntryPoint","urlTemplate":"https:\/\/stalden-farm.ch\/?s={search_term_string}"},"query-input":{"@type":"PropertyValueSpecification","valueRequired":true,"valueName":"search_term_string"}}],"inLanguage":"de"},{"@type":["Person","Organization"],"@id":"https:\/\/stalden-farm.ch\/#\/schema\/person\/d86bf9f6854e842358c47aac315c3658","name":"Jasmin","image":{"@type":"ImageObject","inLanguage":"de","@id":"https:\/\/stalden-farm.ch\/#\/schema\/person\/image\/","url":"https:\/\/secure.gravatar.com\/avatar\/5bafcee8c9a475f659c29ca5b7ebaef7ad0cebacf1a57c1e8c908dcb9739f8b3?s=96&d=mm&r=g","contentUrl":"https:\/\/secure.gravatar.com\/avatar\/5bafcee8c9a475f659c29ca5b7ebaef7ad0cebacf1a57c1e8c908dcb9739f8b3?s=96&d=mm&r=g","caption":"Jasmin"},"logo":{"@id":"https:\/\/stalden-farm.ch\/#\/schema\/person\/image\/"}}]}},"_links":{"self":[{"href":"https:\/\/stalden-farm.ch\/index.php\/wp-json\/wp\/v2\/pages\/3372","targetHints":{"allow":["GET"]}}],"collection":[{"href":"https:\/\/stalden-farm.ch\/index.php\/wp-json\/wp\/v2\/pages"}],"about":[{"href":"https:\/\/stalden-farm.ch\/index.php\/wp-json\/wp\/v2\/types\/page"}],"author":[{"embeddable":true,"href":"https:\/\/stalden-farm.ch\/index.php\/wp-json\/wp\/v2\/users\/1"}],"replies":[{"embeddable":true,"href":"https:\/\/stalden-farm.ch\/index.php\/wp-json\/wp\/v2\/comments?post=3372"}],"version-history":[{"count":3,"href":"https:\/\/stalden-farm.ch\/index.php\/wp-json\/wp\/v2\/pages\/3372\/revisions"}],"predecessor-version":[{"id":3795,"href":"https:\/\/stalden-farm.ch\/index.php\/wp-json\/wp\/v2\/pages\/3372\/revisions\/3795"}],"wp:attachment":[{"href":"https:\/\/stalden-farm.ch\/index.php\/wp-json\/wp\/v2\/media?parent=3372"}],"curies":[{"name":"wp","href":"https:\/\/api.w.org\/{rel}","templated":true}]}}