{"id":3885,"date":"2026-03-09T07:35:23","date_gmt":"2026-03-09T06:35:23","guid":{"rendered":"https:\/\/stalden-farm.ch\/?page_id=3885"},"modified":"2026-03-09T07:37:50","modified_gmt":"2026-03-09T06:37:50","slug":"maintenance","status":"publish","type":"page","link":"https:\/\/stalden-farm.ch\/","title":{"rendered":"Maintenance"},"content":{"rendered":"<p>[vc_row full_width=&#8220;stretch_row&#8220; background_color=&#8220;custom&#8220; lg_spacing=&#8220;padding_top:140;padding_bottom:50&#8243; el_id=&#8220;welcome&#8220; custom_background_color=&#8220;#f9eee0&#8243;][vc_column][tm_heading tag=&#8220;div&#8220; custom_google_font=&#8220;&#8220; font_weight=&#8220;700&#8243; text_transform=&#8220;uppercase&#8220; align=&#8220;center&#8220; text_color=&#8220;primary&#8220; text=&#8220;Pferdegest\u00fctzte Therapie &amp; tiergest\u00fctzte Interventionen&#8220; font_size=&#8220;lg:12&#8243; letter_spacing=&#8220;1.71px&#8220;][tm_spacer size=&#8220;lg:20&#8243;][tm_heading custom_google_font=&#8220;&#8220; align=&#8220;center&#8220; text=&#8220;Willkommen auf der Stalden Farm&#8220; font_size=&#8220;lg:46&#8243;][tm_spacer size=&#8220;lg:25&#8243;][vc_separator color=&#8220;custom&#8220; accent_color=&#8220;rgba(79,50,48,0.1)&#8220;][tm_spacer size=&#8220;lg:35&#8243;][tm_heading tag=&#8220;div&#8220; custom_google_font=&#8220;&#8220; align=&#8220;center&#8220; text=&#8220;Wir sind gerade am \u00dcberarbeiten unserer Homepage. Besten Dank f\u00fcr Ihr Verst\u00e4ndnis.&#8220; max_width=&#8220;700px&#8220;][tm_spacer size=&#8220;lg:120&#8243;][\/vc_column][\/vc_row]<\/p>\n","protected":false},"excerpt":{"rendered":"<p>[vc_row full_width=&#8220;stretch_row&#8220; background_color=&#8220;custom&#8220; lg_spacing=&#8220;padding_top:140;padding_bottom:50&#8243; el_id=&#8220;welcome&#8220; custom_background_color=&#8220;#f9eee0&#8243;][vc_column][tm_heading tag=&#8220;div&#8220; custom_google_font=&#8220;&#8220; font_weight=&#8220;700&#8243; text_transform=&#8220;uppercase&#8220; align=&#8220;center&#8220; text_color=&#8220;primary&#8220; text=&#8220;Pferdegest\u00fctzte Therapie &amp; tiergest\u00fctzte Interventionen&#8220; font_size=&#8220;lg:12&#8243; letter_spacing=&#8220;1.71px&#8220;][tm_spacer size=&#8220;lg:20&#8243;][tm_heading custom_google_font=&#8220;&#8220; align=&#8220;center&#8220; text=&#8220;Willkommen auf der Stalden Farm&#8220; font_size=&#8220;lg:46&#8243;][tm_spacer size=&#8220;lg:25&#8243;][vc_separator color=&#8220;custom&#8220; accent_color=&#8220;rgba(79,50,48,0.1)&#8220;][tm_spacer size=&#8220;lg:35&#8243;][tm_heading tag=&#8220;div&#8220; custom_google_font=&#8220;&#8220; align=&#8220;center&#8220; text=&#8220;Wir sind gerade am \u00dcberarbeiten unserer Homepage. Besten Dank f\u00fcr Ihr Verst\u00e4ndnis.&#8220; max_width=&#8220;700px&#8220;][tm_spacer size=&#8220;lg:120&#8243;][\/vc_column][\/vc_row]<\/p>\n","protected":false},"author":1,"featured_media":0,"parent":0,"menu_order":0,"comment_status":"closed","ping_status":"closed","template":"","meta":{"footnotes":""},"class_list":["post-3885","page","type-page","status-publish","hentry","post-no-thumbnail"],"yoast_head":"<!-- This site is optimized with the Yoast SEO plugin v25.7 - https:\/\/yoast.com\/wordpress\/plugins\/seo\/ -->\n<title>Pferdegest\u00fctzte Therapie (Reittherapie, Heilp\u00e4dagogisches Reiten)<\/title>\n<meta name=\"description\" content=\"Mit Unterst\u00fctzung der Tiere, sein Potenzial erkennen und \u00fcber sich hinauswachsen.\" \/>\n<meta name=\"robots\" content=\"index, follow, max-snippet:-1, max-image-preview:large, max-video-preview:-1\" \/>\n<link rel=\"canonical\" href=\"https:\/\/stalden-farm.ch\/\" \/>\n<meta property=\"og:locale\" content=\"de_DE\" \/>\n<meta property=\"og:type\" content=\"article\" \/>\n<meta property=\"og:title\" content=\"Pferdegest\u00fctzte Therapie (Reittherapie, Heilp\u00e4dagogisches Reiten)\" \/>\n<meta property=\"og:description\" content=\"Mit Unterst\u00fctzung der Tiere, sein Potenzial erkennen und \u00fcber sich hinauswachsen.\" \/>\n<meta property=\"og:url\" content=\"https:\/\/stalden-farm.ch\/\" \/>\n<meta property=\"og:site_name\" content=\"Stalden-Farm\" \/>\n<meta property=\"article:modified_time\" content=\"2026-03-09T06:37:50+00:00\" \/>\n<meta name=\"twitter:card\" content=\"summary_large_image\" \/>\n<meta name=\"twitter:label1\" content=\"Gesch\u00e4tzte Lesezeit\" \/>\n\t<meta name=\"twitter:data1\" content=\"1\u00a0Minute\" \/>\n<script type=\"application\/ld+json\" class=\"yoast-schema-graph\">{\"@context\":\"https:\/\/schema.org\",\"@graph\":[{\"@type\":\"WebPage\",\"@id\":\"https:\/\/stalden-farm.ch\/\",\"url\":\"https:\/\/stalden-farm.ch\/\",\"name\":\"Pferdegest\u00fctzte Therapie (Reittherapie, Heilp\u00e4dagogisches Reiten)\",\"isPartOf\":{\"@id\":\"https:\/\/stalden-farm.ch\/#website\"},\"datePublished\":\"2026-03-09T06:35:23+00:00\",\"dateModified\":\"2026-03-09T06:37:50+00:00\",\"description\":\"Mit Unterst\u00fctzung der Tiere, sein Potenzial erkennen und \u00fcber sich hinauswachsen.\",\"breadcrumb\":{\"@id\":\"https:\/\/stalden-farm.ch\/#breadcrumb\"},\"inLanguage\":\"de\",\"potentialAction\":[{\"@type\":\"ReadAction\",\"target\":[\"https:\/\/stalden-farm.ch\/\"]}]},{\"@type\":\"BreadcrumbList\",\"@id\":\"https:\/\/stalden-farm.ch\/#breadcrumb\",\"itemListElement\":[{\"@type\":\"ListItem\",\"position\":1,\"name\":\"Startseite\",\"item\":\"https:\/\/stalden-farm.ch\/\"},{\"@type\":\"ListItem\",\"position\":2,\"name\":\"Maintenance\"}]},{\"@type\":\"WebSite\",\"@id\":\"https:\/\/stalden-farm.ch\/#website\",\"url\":\"https:\/\/stalden-farm.ch\/\",\"name\":\"Stalden-Farm\",\"description\":\"Eine weitere WordPress-Website\",\"publisher\":{\"@id\":\"https:\/\/stalden-farm.ch\/#\/schema\/person\/d86bf9f6854e842358c47aac315c3658\"},\"potentialAction\":[{\"@type\":\"SearchAction\",\"target\":{\"@type\":\"EntryPoint\",\"urlTemplate\":\"https:\/\/stalden-farm.ch\/?s={search_term_string}\"},\"query-input\":{\"@type\":\"PropertyValueSpecification\",\"valueRequired\":true,\"valueName\":\"search_term_string\"}}],\"inLanguage\":\"de\"},{\"@type\":[\"Person\",\"Organization\"],\"@id\":\"https:\/\/stalden-farm.ch\/#\/schema\/person\/d86bf9f6854e842358c47aac315c3658\",\"name\":\"Jasmin\",\"image\":{\"@type\":\"ImageObject\",\"inLanguage\":\"de\",\"@id\":\"https:\/\/stalden-farm.ch\/#\/schema\/person\/image\/\",\"url\":\"https:\/\/secure.gravatar.com\/avatar\/5bafcee8c9a475f659c29ca5b7ebaef7ad0cebacf1a57c1e8c908dcb9739f8b3?s=96&d=mm&r=g\",\"contentUrl\":\"https:\/\/secure.gravatar.com\/avatar\/5bafcee8c9a475f659c29ca5b7ebaef7ad0cebacf1a57c1e8c908dcb9739f8b3?s=96&d=mm&r=g\",\"caption\":\"Jasmin\"},\"logo\":{\"@id\":\"https:\/\/stalden-farm.ch\/#\/schema\/person\/image\/\"}}]}<\/script>\n<!-- \/ Yoast SEO plugin. -->","yoast_head_json":{"title":"Pferdegest\u00fctzte Therapie (Reittherapie, Heilp\u00e4dagogisches Reiten)","description":"Mit Unterst\u00fctzung der Tiere, sein Potenzial erkennen und \u00fcber sich hinauswachsen.","robots":{"index":"index","follow":"follow","max-snippet":"max-snippet:-1","max-image-preview":"max-image-preview:large","max-video-preview":"max-video-preview:-1"},"canonical":"https:\/\/stalden-farm.ch\/","og_locale":"de_DE","og_type":"article","og_title":"Pferdegest\u00fctzte Therapie (Reittherapie, Heilp\u00e4dagogisches Reiten)","og_description":"Mit Unterst\u00fctzung der Tiere, sein Potenzial erkennen und \u00fcber sich hinauswachsen.","og_url":"https:\/\/stalden-farm.ch\/","og_site_name":"Stalden-Farm","article_modified_time":"2026-03-09T06:37:50+00:00","twitter_card":"summary_large_image","twitter_misc":{"Gesch\u00e4tzte Lesezeit":"1\u00a0Minute"},"schema":{"@context":"https:\/\/schema.org","@graph":[{"@type":"WebPage","@id":"https:\/\/stalden-farm.ch\/","url":"https:\/\/stalden-farm.ch\/","name":"Pferdegest\u00fctzte Therapie (Reittherapie, Heilp\u00e4dagogisches Reiten)","isPartOf":{"@id":"https:\/\/stalden-farm.ch\/#website"},"datePublished":"2026-03-09T06:35:23+00:00","dateModified":"2026-03-09T06:37:50+00:00","description":"Mit Unterst\u00fctzung der Tiere, sein Potenzial erkennen und \u00fcber sich hinauswachsen.","breadcrumb":{"@id":"https:\/\/stalden-farm.ch\/#breadcrumb"},"inLanguage":"de","potentialAction":[{"@type":"ReadAction","target":["https:\/\/stalden-farm.ch\/"]}]},{"@type":"BreadcrumbList","@id":"https:\/\/stalden-farm.ch\/#breadcrumb","itemListElement":[{"@type":"ListItem","position":1,"name":"Startseite","item":"https:\/\/stalden-farm.ch\/"},{"@type":"ListItem","position":2,"name":"Maintenance"}]},{"@type":"WebSite","@id":"https:\/\/stalden-farm.ch\/#website","url":"https:\/\/stalden-farm.ch\/","name":"Stalden-Farm","description":"Eine weitere WordPress-Website","publisher":{"@id":"https:\/\/stalden-farm.ch\/#\/schema\/person\/d86bf9f6854e842358c47aac315c3658"},"potentialAction":[{"@type":"SearchAction","target":{"@type":"EntryPoint","urlTemplate":"https:\/\/stalden-farm.ch\/?s={search_term_string}"},"query-input":{"@type":"PropertyValueSpecification","valueRequired":true,"valueName":"search_term_string"}}],"inLanguage":"de"},{"@type":["Person","Organization"],"@id":"https:\/\/stalden-farm.ch\/#\/schema\/person\/d86bf9f6854e842358c47aac315c3658","name":"Jasmin","image":{"@type":"ImageObject","inLanguage":"de","@id":"https:\/\/stalden-farm.ch\/#\/schema\/person\/image\/","url":"https:\/\/secure.gravatar.com\/avatar\/5bafcee8c9a475f659c29ca5b7ebaef7ad0cebacf1a57c1e8c908dcb9739f8b3?s=96&d=mm&r=g","contentUrl":"https:\/\/secure.gravatar.com\/avatar\/5bafcee8c9a475f659c29ca5b7ebaef7ad0cebacf1a57c1e8c908dcb9739f8b3?s=96&d=mm&r=g","caption":"Jasmin"},"logo":{"@id":"https:\/\/stalden-farm.ch\/#\/schema\/person\/image\/"}}]}},"_links":{"self":[{"href":"https:\/\/stalden-farm.ch\/index.php\/wp-json\/wp\/v2\/pages\/3885","targetHints":{"allow":["GET"]}}],"collection":[{"href":"https:\/\/stalden-farm.ch\/index.php\/wp-json\/wp\/v2\/pages"}],"about":[{"href":"https:\/\/stalden-farm.ch\/index.php\/wp-json\/wp\/v2\/types\/page"}],"author":[{"embeddable":true,"href":"https:\/\/stalden-farm.ch\/index.php\/wp-json\/wp\/v2\/users\/1"}],"replies":[{"embeddable":true,"href":"https:\/\/stalden-farm.ch\/index.php\/wp-json\/wp\/v2\/comments?post=3885"}],"version-history":[{"count":1,"href":"https:\/\/stalden-farm.ch\/index.php\/wp-json\/wp\/v2\/pages\/3885\/revisions"}],"predecessor-version":[{"id":3886,"href":"https:\/\/stalden-farm.ch\/index.php\/wp-json\/wp\/v2\/pages\/3885\/revisions\/3886"}],"wp:attachment":[{"href":"https:\/\/stalden-farm.ch\/index.php\/wp-json\/wp\/v2\/media?parent=3885"}],"curies":[{"name":"wp","href":"https:\/\/api.w.org\/{rel}","templated":true}]}}